{"id":749,"date":"2023-04-03T11:04:55","date_gmt":"2023-04-03T09:04:55","guid":{"rendered":"https:\/\/rorquin.beyuri.com\/?page_id=749"},"modified":"2023-06-25T18:07:46","modified_gmt":"2023-06-25T16:07:46","slug":"curriculum-ricardo-orquin","status":"publish","type":"page","link":"https:\/\/rorquin.com\/en\/curriculum-ricardo-orquin\/","title":{"rendered":"Curr\u00edculum Ricardo Orqu\u00edn"},"content":{"rendered":"<div data-elementor-type=\"wp-page\" data-elementor-id=\"749\" class=\"elementor elementor-749\">\n\t\t\t\t\t\t<section class=\"elementor-section elementor-top-section elementor-element elementor-element-0a2aebd elementor-section-content-middle elementor-hidden-mobile elementor-section-boxed elementor-section-height-default elementor-section-height-default\" data-id=\"0a2aebd\" data-element_type=\"section\" data-e-type=\"section\" data-settings=\"{&quot;background_background&quot;:&quot;classic&quot;}\">\n\t\t\t\t\t\t\t<div class=\"elementor-background-overlay\"><\/div>\n\t\t\t\t\t\t\t<div class=\"elementor-container elementor-column-gap-default\">\n\t\t\t\t\t<div class=\"elementor-column elementor-col-100 elementor-top-column elementor-element elementor-element-9d7863e\" data-id=\"9d7863e\" data-element_type=\"column\" data-e-type=\"column\">\n\t\t\t<div class=\"elementor-widget-wrap elementor-element-populated\">\n\t\t\t\t\t\t<div class=\"elementor-element elementor-element-08bd613 elementor-widget elementor-widget-heading\" data-id=\"08bd613\" data-element_type=\"widget\" data-e-type=\"widget\" data-widget_type=\"heading.default\">\n\t\t\t\t<div class=\"elementor-widget-container\">\n\t\t\t\t\t<h1 class=\"elementor-heading-title elementor-size-default\">Curr\u00edculum Ricardo Orqu\u00edn\n<\/h1>\t\t\t\t<\/div>\n\t\t\t\t<\/div>\n\t\t\t\t\t<\/div>\n\t\t<\/div>\n\t\t\t\t\t<\/div>\n\t\t<\/section>\n\t\t\t\t<section class=\"elementor-section elementor-top-section elementor-element elementor-element-fc3451f elementor-section-content-middle elementor-hidden-desktop elementor-hidden-tablet elementor-section-boxed elementor-section-height-default elementor-section-height-default\" data-id=\"fc3451f\" data-element_type=\"section\" data-e-type=\"section\" data-settings=\"{&quot;background_background&quot;:&quot;classic&quot;}\">\n\t\t\t\t\t\t\t<div class=\"elementor-background-overlay\"><\/div>\n\t\t\t\t\t\t\t<div class=\"elementor-container elementor-column-gap-default\">\n\t\t\t\t\t<div class=\"elementor-column elementor-col-100 elementor-top-column elementor-element elementor-element-ef263ff\" data-id=\"ef263ff\" data-element_type=\"column\" data-e-type=\"column\">\n\t\t\t<div class=\"elementor-widget-wrap elementor-element-populated\">\n\t\t\t\t\t\t<div class=\"elementor-element elementor-element-f559a66 elementor-widget elementor-widget-heading\" data-id=\"f559a66\" data-element_type=\"widget\" data-e-type=\"widget\" data-widget_type=\"heading.default\">\n\t\t\t\t<div class=\"elementor-widget-container\">\n\t\t\t\t\t<h1 class=\"elementor-heading-title elementor-size-default\">Curr\u00edculum Ricardo Orqu\u00edn\n\n<\/h1>\t\t\t\t<\/div>\n\t\t\t\t<\/div>\n\t\t\t\t\t<\/div>\n\t\t<\/div>\n\t\t\t\t\t<\/div>\n\t\t<\/section>\n\t\t\t\t<section class=\"elementor-section elementor-top-section elementor-element elementor-element-3cbd5f8 elementor-hidden-mobile elementor-section-boxed elementor-section-height-default elementor-section-height-default\" data-id=\"3cbd5f8\" data-element_type=\"section\" data-e-type=\"section\">\n\t\t\t\t\t\t<div class=\"elementor-container elementor-column-gap-default\">\n\t\t\t\t\t<div class=\"elementor-column elementor-col-100 elementor-top-column elementor-element elementor-element-0944c42\" data-id=\"0944c42\" data-element_type=\"column\" data-e-type=\"column\">\n\t\t\t<div class=\"elementor-widget-wrap elementor-element-populated\">\n\t\t\t\t\t\t<div class=\"elementor-element elementor-element-d7b920e elementor-widget elementor-widget-heading\" data-id=\"d7b920e\" data-element_type=\"widget\" data-e-type=\"widget\" data-widget_type=\"heading.default\">\n\t\t\t\t<div class=\"elementor-widget-container\">\n\t\t\t\t\t<h2 class=\"elementor-heading-title elementor-size-default\">Ricardo Orqu\u00edn\n<\/h2>\t\t\t\t<\/div>\n\t\t\t\t<\/div>\n\t\t\t\t<div class=\"elementor-element elementor-element-adcc308 elementor-widget elementor-widget-heading\" data-id=\"adcc308\" data-element_type=\"widget\" data-e-type=\"widget\" data-widget_type=\"heading.default\">\n\t\t\t\t<div class=\"elementor-widget-container\">\n\t\t\t\t\t<h5 class=\"elementor-heading-title elementor-size-default\">Dentist and Clinic Director<\/h5>\t\t\t\t<\/div>\n\t\t\t\t<\/div>\n\t\t\t\t<div class=\"elementor-element elementor-element-e56bdf0 elementor-widget elementor-widget-text-editor\" data-id=\"e56bdf0\" data-element_type=\"widget\" data-e-type=\"widget\" data-widget_type=\"text-editor.default\">\n\t\t\t\t<div class=\"elementor-widget-container\">\n\t\t\t\t\t\t\t\t\t<ul><li><strong>Dentista.\u00a0<\/strong><strong>Licenciado en Odontolog\u00eda\u00a0<\/strong>por la\u00a0<strong>Universidad Alfonso X El Sabio<\/strong>,\u00a0Madrid, con la calificaci\u00f3n de\u00a0<strong>mejor expediente acad\u00e9mico<\/strong>\u00a0(promoci\u00f3n 97-2002).<\/li><\/ul><ul><li>Curso modular de <b>Tejidos Blandos<\/b>. Dr. Antonio Murillo, Madrid, Febrero -Junio 2023.<\/li><li style=\"font-size: 16px;\">Curso modular de <b>Tejidos Blandos y Regeneraci\u00f3n \u00d3sea.<\/b> Universidad de Sevilla. Dr. Pablo Pav\u00f3n y Dr.Antonio Armijo. Octubre-Febrero 2023.\u00a0<\/li><li style=\"font-size: 16px;\">Curso Intensivo de\u00a0<span style=\"font-weight: bold;\">Pr\u00f3tesis Removible<\/span>. Dr. Ernest Mallat y Dr. Salvador Gallardo. Sevilla. Septiembre de 2022.<\/li><li>Curso Modular \u00abT\u00e9cnicas quir\u00fargicas en regeneraci\u00f3n \u00f3sea y tejidos blandos\u00bb. Dres. Pablo Pav\u00f3n y Antonio Armijo. Oste\u00f3genos. Sevilla. 2022-2023<\/li><li><strong>M\u00e1ster de Periodoncia Online Periocetrum<\/strong>\u00a0(2021-2022)<\/li><li>Curso de\u00a0<strong>Formaci\u00f3n Multidisciplinar en\u00a0<a href=\"https:\/\/medaformacion.com\/\" target=\"_blank\" rel=\"noopener\">Meda Formaci\u00f3n<\/a><\/strong>. Dr. Ramon G\u00f3mez Meda.\u00a0(Ponferrada). 2020-2021<\/li><li>Curso intensivo de\u00a0<strong>\u00abOclusi\u00f3n y rehabilitaci\u00f3n en los casos de grandes desgastes<\/strong>\u00ab. Dr. Salvador Gallardo y Dr. Ernest Mallat. Sevilla. Septiembre de 2021<\/li><li><strong>DSD Member (<em>Digital Smile Design<\/em>).\u00a0<\/strong>Residencia oficial DSD UCAM 2019<\/li><li><strong>M\u00e1ster en Implantolog\u00eda Oral<\/strong>.\u00a02010-2013.Universidad de Sevilla.<\/li><li><a href=\"https:\/\/www.clinicamasbermejo.com\/formacion\/\" target=\"_blank\" rel=\"noreferrer noopener\">Curso de especializaci\u00f3n<strong>\u00a0en Manejo Odontol\u00f3gico del paciente con problemas respiratorios del sue\u00f1o<\/strong>.\u00a0Dr. Carlos Mas Bermejo<\/a>. Murcia. Septiembre de 2019<\/li><li><a href=\"http:\/\/dawsonacademyspain.com\/\" target=\"_blank\" rel=\"noreferrer noopener\" data-type=\"URL\" data-id=\"http:\/\/dawsonacademyspain.com\/\"><strong>Curso de especializaci\u00f3n en Oclusi\u00f3n y ATM<\/strong>.\u00a0<strong>Dawson Academy Spain<\/strong>.\u00a0Madrid. Dr. Jose Mar\u00eda Suarez Feito<\/a>. Edici\u00f3n 2015-16<\/li><li><strong>INVISALIGN Provider. Madrid. Febrero de 2017<\/strong><\/li><li><strong>Curso de Formaci\u00f3n en Implantolog\u00eda.\u00a0<a href=\"http:\/\/www.forumimplantologicoeuropeo.es\/\" target=\"_blank\" rel=\"noopener\">Forum Implantol\u00f3gico Europeo (FIE)<\/a><\/strong>.\u00a0Dr. Pedro Pe\u00f1a. Madrid. Edici\u00f3n 2015.<\/li><li><strong>Curso de DSD, Digital Smile Design. Dentoral<\/strong>. Edici\u00f3n\u00a02015<\/li><li><strong>Curso de Formaci\u00f3n continuada en Implantolog\u00eda<\/strong>.\u00a0<strong>Dentoral<\/strong>. Edici\u00f3n 2015. Edici\u00f3n 2016.<\/li><li><strong>Curso de Fotograf\u00eda Digital Dental. Dentoral.<\/strong>\u00a0Edici\u00f3n 2105<\/li><li><strong>Curso de Formaci\u00f3n Especializada en Cirug\u00eda Bucal e Implantolog\u00eda<\/strong>. Universidad de Sevilla.<\/li><li><strong>Diploma en Medicina Bucal.<\/strong>\u00a0Universidad de Sevilla.<\/li><li><strong>Diploma en Rehabilitaci\u00f3n Prot\u00e9sica, Implantopr\u00f3tesis y Patolog\u00eda de la Oclusi\u00f3n.<\/strong>\u00a0Universidad de Sevilla.<\/li><li><strong>Curso de Cirug\u00eda Bucal.<\/strong>\u00a02007. Cienfuegos. Cuba.<\/li><li><strong>Curso de Formaci\u00f3n en Periodoncia e Implantolog\u00eda.<\/strong>\u00a0Gestoma. Sevilla.<\/li><li><strong>Curso de Anatom\u00eda Oral aplicada a la Implantolog\u00eda e Implantopr\u00f3tesis.\u00a0<\/strong>Universidad de Sevilla.<\/li><li><strong>En constante formaci\u00f3n. Innumerables cursos y congresos por toda la geograf\u00eda nacional.<\/strong><\/li><li><strong>Pr\u00e1ctica privada en Cl\u00ednica Propia desde 2002 hasta la actualidad.<\/strong><\/li><li><strong>Colaborador en Cl\u00ednica Goenechea desde 2018 hasta 2020<\/strong>. Jerez de la Frontera<\/li><\/ul>\t\t\t\t\t\t\t\t<\/div>\n\t\t\t\t<\/div>\n\t\t\t\t\t<\/div>\n\t\t<\/div>\n\t\t\t\t\t<\/div>\n\t\t<\/section>\n\t\t\t\t<section class=\"elementor-section elementor-top-section elementor-element elementor-element-d1c4fb4 elementor-section-content-top elementor-section-boxed elementor-section-height-default elementor-section-height-default\" data-id=\"d1c4fb4\" data-element_type=\"section\" data-e-type=\"section\" data-settings=\"{&quot;background_background&quot;:&quot;classic&quot;}\">\n\t\t\t\t\t\t<div class=\"elementor-container elementor-column-gap-default\">\n\t\t\t\t\t<div class=\"elementor-column elementor-col-25 elementor-top-column elementor-element elementor-element-9f4982e\" data-id=\"9f4982e\" data-element_type=\"column\" data-e-type=\"column\">\n\t\t\t<div class=\"elementor-widget-wrap elementor-element-populated\">\n\t\t\t\t\t\t<div class=\"elementor-element elementor-element-7148ec5 elementor-view-stacked elementor-position-inline-start elementor-shape-circle elementor-mobile-position-block-start elementor-widget elementor-widget-icon-box\" data-id=\"7148ec5\" data-element_type=\"widget\" data-e-type=\"widget\" data-widget_type=\"icon-box.default\">\n\t\t\t\t<div class=\"elementor-widget-container\">\n\t\t\t\t\t\t\t<div class=\"elementor-icon-box-wrapper\">\n\n\t\t\t\t\t\t<div class=\"elementor-icon-box-icon\">\n\t\t\t\t<span  class=\"elementor-icon\">\n\t\t\t\t<i aria-hidden=\"true\" class=\"fas fa-phone-alt\"><\/i>\t\t\t\t<\/span>\n\t\t\t<\/div>\n\t\t\t\n\t\t\t\t\t\t<div class=\"elementor-icon-box-content\">\n\n\t\t\t\t\t\t\t\t\t<h5 class=\"elementor-icon-box-title\">\n\t\t\t\t\t\t<span  >\n\t\t\t\t\t\t\tCall us\t\t\t\t\t\t<\/span>\n\t\t\t\t\t<\/h5>\n\t\t\t\t\n\t\t\t\t\t\t\t\t\t<p class=\"elementor-icon-box-description\">\n\t\t\t\t\t\t668 82 93 23\t\t\t\t\t<\/p>\n\t\t\t\t\n\t\t\t<\/div>\n\t\t\t\n\t\t<\/div>\n\t\t\t\t\t\t<\/div>\n\t\t\t\t<\/div>\n\t\t\t\t\t<\/div>\n\t\t<\/div>\n\t\t\t\t<div class=\"elementor-column elementor-col-25 elementor-top-column elementor-element elementor-element-3e840bb\" data-id=\"3e840bb\" data-element_type=\"column\" data-e-type=\"column\">\n\t\t\t<div class=\"elementor-widget-wrap elementor-element-populated\">\n\t\t\t\t\t\t<div class=\"elementor-element elementor-element-221d543 elementor-view-stacked elementor-position-inline-start elementor-shape-circle elementor-mobile-position-block-start elementor-widget elementor-widget-icon-box\" data-id=\"221d543\" data-element_type=\"widget\" data-e-type=\"widget\" data-widget_type=\"icon-box.default\">\n\t\t\t\t<div class=\"elementor-widget-container\">\n\t\t\t\t\t\t\t<div class=\"elementor-icon-box-wrapper\">\n\n\t\t\t\t\t\t<div class=\"elementor-icon-box-icon\">\n\t\t\t\t<span  class=\"elementor-icon\">\n\t\t\t\t<i aria-hidden=\"true\" class=\"fas fa-map-marker-alt\"><\/i>\t\t\t\t<\/span>\n\t\t\t<\/div>\n\t\t\t\n\t\t\t\t\t\t<div class=\"elementor-icon-box-content\">\n\n\t\t\t\t\t\t\t\t\t<h5 class=\"elementor-icon-box-title\">\n\t\t\t\t\t\t<span  >\n\t\t\t\t\t\t\tPlaza Marqu\u00e9s de Aracena, 15 - 21200. Aracena (Huelva)\t\t\t\t\t\t<\/span>\n\t\t\t\t\t<\/h5>\n\t\t\t\t\n\t\t\t\t\n\t\t\t<\/div>\n\t\t\t\n\t\t<\/div>\n\t\t\t\t\t\t<\/div>\n\t\t\t\t<\/div>\n\t\t\t\t\t<\/div>\n\t\t<\/div>\n\t\t\t\t<div class=\"elementor-column elementor-col-25 elementor-top-column elementor-element elementor-element-c2beaf6\" data-id=\"c2beaf6\" data-element_type=\"column\" data-e-type=\"column\">\n\t\t\t<div class=\"elementor-widget-wrap elementor-element-populated\">\n\t\t\t\t\t\t<div class=\"elementor-element elementor-element-00a75f2 elementor-widget elementor-widget-heading\" data-id=\"00a75f2\" data-element_type=\"widget\" data-e-type=\"widget\" data-widget_type=\"heading.default\">\n\t\t\t\t<div class=\"elementor-widget-container\">\n\t\t\t\t\t<h4 class=\"elementor-heading-title elementor-size-default\">Book your appointment online without waiting<\/h4>\t\t\t\t<\/div>\n\t\t\t\t<\/div>\n\t\t\t\t\t<\/div>\n\t\t<\/div>\n\t\t\t\t<div class=\"elementor-column elementor-col-25 elementor-top-column elementor-element elementor-element-8737986\" data-id=\"8737986\" data-element_type=\"column\" data-e-type=\"column\">\n\t\t\t<div class=\"elementor-widget-wrap elementor-element-populated\">\n\t\t\t\t\t\t<div class=\"elementor-element elementor-element-d1addf9 elementor-align-right elementor-tablet-align-center elementor-widget elementor-widget-button\" data-id=\"d1addf9\" data-element_type=\"widget\" data-e-type=\"widget\" data-widget_type=\"button.default\">\n\t\t\t\t<div class=\"elementor-widget-container\">\n\t\t\t\t\t\t\t\t\t<div class=\"elementor-button-wrapper\">\n\t\t\t\t\t<a class=\"elementor-button elementor-button-link elementor-size-sm\" href=\"https:\/\/areapacientes.clinicaorquin.com\/newcita\">\n\t\t\t\t\t\t<span class=\"elementor-button-content-wrapper\">\n\t\t\t\t\t\t\t\t\t<span class=\"elementor-button-text\">Book an appointment<\/span>\n\t\t\t\t\t<\/span>\n\t\t\t\t\t<\/a>\n\t\t\t\t<\/div>\n\t\t\t\t\t\t\t\t<\/div>\n\t\t\t\t<\/div>\n\t\t\t\t\t<\/div>\n\t\t<\/div>\n\t\t\t\t\t<\/div>\n\t\t<\/section>\n\t\t\t\t<\/div>","protected":false},"excerpt":{"rendered":"<p>Curr\u00edculum Ricardo Orqu\u00edn Curr\u00edculum Ricardo Orqu\u00edn Ricardo Orqu\u00edn Dentista y director de la Cl\u00ednica Dentista.\u00a0Licenciado en Odontolog\u00eda\u00a0por la\u00a0Universidad Alfonso X El Sabio,\u00a0Madrid, con la calificaci\u00f3n de\u00a0mejor expediente acad\u00e9mico\u00a0(promoci\u00f3n 97-2002). Curso modular de Tejidos Blandos. Dr. Antonio Murillo, Madrid, Febrero -Junio 2023. Curso modular de Tejidos Blandos y Regeneraci\u00f3n \u00d3sea. Universidad de Sevilla. Dr. Pablo Pav\u00f3n [&hellip;]<\/p>\n","protected":false},"author":1,"featured_media":0,"parent":0,"menu_order":0,"comment_status":"closed","ping_status":"closed","template":"","meta":{"site-sidebar-layout":"no-sidebar","site-content-layout":"page-builder","ast-site-content-layout":"default","site-content-style":"default","site-sidebar-style":"default","ast-global-header-display":"","ast-banner-title-visibility":"","ast-main-header-display":"","ast-hfb-above-header-display":"","ast-hfb-below-header-display":"","ast-hfb-mobile-header-display":"","site-post-title":"disabled","ast-breadcrumbs-content":"","ast-featured-img":"disabled","footer-sml-layout":"","theme-transparent-header-meta":"enabled","adv-header-id-meta":"","stick-header-meta":"","header-above-stick-meta":"","header-main-stick-meta":"","header-below-stick-meta":"","astra-migrate-meta-layouts":"default","ast-page-background-enabled":"default","ast-page-background-meta":{"desktop":{"background-color":"","background-image":"","background-repeat":"repeat","background-position":"center center","background-size":"auto","background-attachment":"scroll","background-type":"","background-media":"","overlay-type":"","overlay-color":"","overlay-opacity":"","overlay-gradient":""},"tablet":{"background-color":"","background-image":"","background-repeat":"repeat","background-position":"center center","background-size":"auto","background-attachment":"scroll","background-type":"","background-media":"","overlay-type":"","overlay-color":"","overlay-opacity":"","overlay-gradient":""},"mobile":{"background-color":"","background-image":"","background-repeat":"repeat","background-position":"center center","background-size":"auto","background-attachment":"scroll","background-type":"","background-media":"","overlay-type":"","overlay-color":"","overlay-opacity":"","overlay-gradient":""}},"ast-content-background-meta":{"desktop":{"background-color":"var(--ast-global-color-5)","background-image":"","background-repeat":"repeat","background-position":"center center","background-size":"auto","background-attachment":"scroll","background-type":"","background-media":"","overlay-type":"","overlay-color":"","overlay-opacity":"","overlay-gradient":""},"tablet":{"background-color":"var(--ast-global-color-5)","background-image":"","background-repeat":"repeat","background-position":"center center","background-size":"auto","background-attachment":"scroll","background-type":"","background-media":"","overlay-type":"","overlay-color":"","overlay-opacity":"","overlay-gradient":""},"mobile":{"background-color":"var(--ast-global-color-5)","background-image":"","background-repeat":"repeat","background-position":"center center","background-size":"auto","background-attachment":"scroll","background-type":"","background-media":"","overlay-type":"","overlay-color":"","overlay-opacity":"","overlay-gradient":""}},"footnotes":""},"class_list":["post-749","page","type-page","status-publish","hentry"],"aioseo_notices":[],"_links":{"self":[{"href":"https:\/\/rorquin.com\/en\/wp-json\/wp\/v2\/pages\/749","targetHints":{"allow":["GET"]}}],"collection":[{"href":"https:\/\/rorquin.com\/en\/wp-json\/wp\/v2\/pages"}],"about":[{"href":"https:\/\/rorquin.com\/en\/wp-json\/wp\/v2\/types\/page"}],"author":[{"embeddable":true,"href":"https:\/\/rorquin.com\/en\/wp-json\/wp\/v2\/users\/1"}],"replies":[{"embeddable":true,"href":"https:\/\/rorquin.com\/en\/wp-json\/wp\/v2\/comments?post=749"}],"version-history":[{"count":0,"href":"https:\/\/rorquin.com\/en\/wp-json\/wp\/v2\/pages\/749\/revisions"}],"wp:attachment":[{"href":"https:\/\/rorquin.com\/en\/wp-json\/wp\/v2\/media?parent=749"}],"curies":[{"name":"wp","href":"https:\/\/api.w.org\/{rel}","templated":true}]}}